{"id":12,"date":"2012-09-28T10:54:45","date_gmt":"2012-09-28T08:54:45","guid":{"rendered":"http:\/\/clark.tipistrani.it\/?page_id=12"},"modified":"2012-11-07T16:26:02","modified_gmt":"2012-11-07T15:26:02","slug":"welcome","status":"publish","type":"page","link":"http:\/\/clark.tipistrani.it\/?page_id=12","title":{"rendered":"Welcome"},"content":{"rendered":"<p>Benvenuto viaggiatore, se sei qui o ci sei arrivato per sbaglio, o sei un Amico, e nel caso si lo ammetto ho ceduto dopo anni &#8220;al lato oscuro della forza&#8221;\u00a0 e sono passato a un CMS o simile,\u00a0 o sei interesato ad alcuni aspetti della configurazione e dell&#8217;uso di Linux quindi probabilmente GOOGLE ti ha portato qui.<\/p>\n<h2 style=\"text-align: center;\">PREMESSA:<\/h2>\n<p>Questo sito nasce sull&#8217;onda di un idea avuta dal<a href=\"http:\/\/fred.tipistrani.it\"> papi<\/a>.<br \/>\nInfatti questo &#8220;turpe&#8221; individuo \u00e8 l&#8217;unico responsabile della mia attuale condizione di SysAdmin, se questo nero evangelizzatore di sistemi operativi aperti non mi avesse plagiato nel pi\u00f9 completo dei modi nel lontano 1999 io oggi sarei ancora un felice progettista di attrezzature, invece&#8230;<\/p>\n<p><a href=\"http:\/\/clark.tipistrani.it\/wp-content\/uploads\/debian-gnu-linux.jpg\"><img loading=\"lazy\" decoding=\"async\" class=\"aligncenter size-medium wp-image-37\" title=\"debian-gnu-linux\" src=\"http:\/\/clark.tipistrani.it\/wp-content\/uploads\/debian-gnu-linux-300x300.jpg\" alt=\"\" width=\"300\" height=\"300\" srcset=\"http:\/\/clark.tipistrani.it\/wp-content\/uploads\/debian-gnu-linux-300x300.jpg 300w, http:\/\/clark.tipistrani.it\/wp-content\/uploads\/debian-gnu-linux-150x150.jpg 150w, http:\/\/clark.tipistrani.it\/wp-content\/uploads\/debian-gnu-linux-100x100.jpg 100w, http:\/\/clark.tipistrani.it\/wp-content\/uploads\/debian-gnu-linux.jpg 324w\" sizes=\"auto, (max-width: 300px) 100vw, 300px\" \/><\/a><\/p>\n<p>non solo sono diventato un SysAdmin Linux che gia&#8217; di suo \u00e8 complesso (oddio non che gli altri siano semplici&#8230;) no ovviamente non bastava, ho preso come distro di riferiento Debian che \u00e8 se non la pi\u00f9 difficile la seconda di certo.<br \/>\nIn effetti per\u00f2 a pensarci bene un attimo una bella fetta di &#8220;colpa&#8221; l&#8217;ha anche una Signora slovena di nome Cubetta, che mi spieg\u00f2 molte cose di un divertente giochino che girava su unix facendomi prendere il gusto di scoprire e di studiare le cose, quindi c&#8217;entra anche lei.<br \/>\nAggiungo che pur essendo un utilizzatore a buon livello di Linux NON sono un talebano, NON faccio guerre di religione, uso quello che \u00e8 pi\u00f9 comodo per raggiungere lo scopo, sono dell&#8217;idea che i Sistemi Operativi siano degli utensili e che io sappia l&#8217;utensile perfetto e\/o universale non esiste, quindi dato che la vita e&#8217; troppo breve per perderla dietro alle utopie mi comporto in modo conforme a come un tizio che \u00e8 pagato per risolvere problemi secondo me dovrebbe fare.<br \/>\nNota a margine i Tipistrani gi\u00e0 chiamavano Fred &#8220;papi&#8221; in tempi non sospetti, quindi checch\u00e8 ne dica la gente l&#8217;unico e vero papi \u00e8\u00a0 lui, l&#8217;altro un usurpatore di titoli.<\/p>\n","protected":false},"excerpt":{"rendered":"<p>Benvenuto viaggiatore, se sei qui o ci sei arrivato per sbaglio, o sei un Amico, e nel caso si lo ammetto ho ceduto dopo anni &#8220;al lato oscuro della forza&#8221;\u00a0 e sono passato a un CMS o simile,\u00a0 o sei interesato ad alcuni aspetti della configurazione e dell&#8217;uso di Linux quindi probabilmente GOOGLE ti ha [&hellip;]<\/p>\n","protected":false},"author":2,"featured_media":0,"parent":8,"menu_order":0,"comment_status":"open","ping_status":"open","template":"","meta":{"footnotes":""},"class_list":["post-12","page","type-page","status-publish","hentry"],"_links":{"self":[{"href":"http:\/\/clark.tipistrani.it\/index.php?rest_route=\/wp\/v2\/pages\/12","targetHints":{"allow":["GET"]}}],"collection":[{"href":"http:\/\/clark.tipistrani.it\/index.php?rest_route=\/wp\/v2\/pages"}],"about":[{"href":"http:\/\/clark.tipistrani.it\/index.php?rest_route=\/wp\/v2\/types\/page"}],"author":[{"embeddable":true,"href":"http:\/\/clark.tipistrani.it\/index.php?rest_route=\/wp\/v2\/users\/2"}],"replies":[{"embeddable":true,"href":"http:\/\/clark.tipistrani.it\/index.php?rest_route=%2Fwp%2Fv2%2Fcomments&post=12"}],"version-history":[{"count":9,"href":"http:\/\/clark.tipistrani.it\/index.php?rest_route=\/wp\/v2\/pages\/12\/revisions"}],"predecessor-version":[{"id":36,"href":"http:\/\/clark.tipistrani.it\/index.php?rest_route=\/wp\/v2\/pages\/12\/revisions\/36"}],"up":[{"embeddable":true,"href":"http:\/\/clark.tipistrani.it\/index.php?rest_route=\/wp\/v2\/pages\/8"}],"wp:attachment":[{"href":"http:\/\/clark.tipistrani.it\/index.php?rest_route=%2Fwp%2Fv2%2Fmedia&parent=12"}],"curies":[{"name":"wp","href":"https:\/\/api.w.org\/{rel}","templated":true}]}}