{"id":1645,"date":"2023-06-04T10:19:14","date_gmt":"2023-06-04T08:19:14","guid":{"rendered":"http:\/\/clark.tipistrani.it\/?page_id=1645"},"modified":"2023-06-26T17:00:08","modified_gmt":"2023-06-26T15:00:08","slug":"samba-4","status":"publish","type":"page","link":"http:\/\/clark.tipistrani.it\/?page_id=1645","title":{"rendered":"Samba 4"},"content":{"rendered":"<p>Samba come \u00e8 noto \u00e8 la re implementazione open del protocollo SMB di Microsoft.<br \/>\nLo scopo di Samba \u00e8 quello di offrire condivisione di files e stampanti a client, originariamente sviluppato per UNIX dall&#8217;informatico australiano Andrew Tridgell permette interoperabilit\u00e0 tra Linux, Unix, macOS e Windows.<br \/>\nSiamo attualmente ala versione 4 che sostanzialmente emula anche come servizi di AD un Windows server 2008, la precedente versione 3 emulava un server NT4, la versione 3 non \u00e8 pi\u00f9 sviluppata.<br \/>\nLa &#8220;bibbia&#8221; di Samba 4 \u00e8 https:\/\/wiki.samba.org per la verit\u00e0 la bibbia non \u00e8 chiarissima e quindi c&#8217;\u00e8 da studiarci su un bel po, per\u00f2 in Internet si trovano diversi howto ben fatti che sono decisamente d&#8217;aiuto.<br \/>\nIn questa pagina le mie note sulla preparazione di un ambiente Samba4 al 90% estratte dal wiki al 5% dai vari howto e al 5% dalla mia esperienza (vale a dire dalle bestemmie da scomunica che ho tirato per far funzionare le cose), in altre parole questo \u00e8 il mio HOWTO.<br \/>\nSamba 4 richiama come concetto un DNS, nel senso che \u00e8 strutturato secondo una gerarchia\u00a0 piramidale e non solo, Samba 4 si basa molto sul DNS tant&#8217;\u00e8\u00a0 vero che fornisce sia il servizio DNS che il WINS per la LAN.<br \/>\nSino ad\u00a0 Aprile 2023 ho continuato ad aggiornare le vecchie installazioni compilate da sorgenti, solo che alla lunga qualcosa ha cominciato ad andare storto e a non funzionare pi\u00f9 come si deve, quindi a malincuore ho dovuto ricreare da 0 il dominio con il conseguente fatto di dover azzerare i SID utente in Dynamics Nav che era poi il motivo per cui ho continuato ad aggiornare in modo un po maccheronico.<br \/>\nNon sono un sostenitore dei repository unofficial ma quando ci sei costretto obtorto collo devi cedere e quindi ho scelto di installare un repository non ufficiale e di fare i necessari aggiornamenti per via tradizionale.<\/p>\n<ol>\n<li><a href=\"http:\/\/clark.tipistrani.it\/?p=2289\">Dimensionamento e preparazione macchina<\/a><\/li>\n<li><a href=\"http:\/\/clark.tipistrani.it\/?p=2293\">Provisioning di un Samba AD DC<\/a><\/li>\n<li><a href=\"http:\/\/clark.tipistrani.it\/?p=2311\">Installazione e configurazione di Bind-DLZ per Samba-AD<\/a><\/li>\n<li><a href=\"http:\/\/clark.tipistrani.it\/?p=2301\">RSAT un tool grafico utile alla gestione e amministrazione di AD<\/a><\/li>\n<li><a href=\"http:\/\/clark.tipistrani.it\/?p=1554\">Installazione e configurazione di un NTP server per il dominio<\/a><\/li>\n<li><a href=\"http:\/\/clark.tipistrani.it\/?p=2328\">Installazione e configurazione di un DC di supporto<\/a><\/li>\n<li><a href=\"http:\/\/clark.tipistrani.it\/?p=2332\">Replica di sysvol tra DC primario e DC di supporto<\/a><\/li>\n<li><a href=\"http:\/\/clark.tipistrani.it\/?p=2338\">Replica bidirezionale di sysvol tra DC principale e Dc di supporto in cron<\/a><\/li>\n<li><a href=\"http:\/\/clark.tipistrani.it\/?p=2350\">Installazione e configurazione di un server domain member per share<\/a><\/li>\n<li><a href=\"http:\/\/clark.tipistrani.it\/?p=2258\">Installazione e configurazione di un NTP server per un domain member<\/a><\/li>\n<li><a href=\"http:\/\/clark.tipistrani.it\/?p=2397\">Configurazione directory di servizio per gli utenti<\/a><\/li>\n<li style=\"text-align: left;\"><a href=\"http:\/\/clark.tipistrani.it\/?p=2356\">CUPS un server di stampa per samba e Linux<\/a><\/li>\n<li><a href=\"http:\/\/clark.tipistrani.it\/?p=2410\">Inserimento di una macchina Windows a dominio<\/a><\/li>\n<\/ol>\n<p>&nbsp;<\/p>\n<p>Riferimenti<\/p>\n<p><a href=\"http:\/\/wiki.samba.org\">wiki.samba.org<\/a><br \/>\n<a href=\"https:\/\/samba.tranquil.it\/doc\/en\/\">https:\/\/samba.tranquil.it\/doc\/en\/<\/a><br \/>\n<a href=\"https:\/\/wiki.lilliput.linux.it\/mediawiki\/index.php\/Criteri:SambaAD\">https:\/\/wiki.lilliput.linux.it\/mediawiki\/index.php\/Criteri:SambaAD<\/a><\/p>\n","protected":false},"excerpt":{"rendered":"<p>Samba come \u00e8 noto \u00e8 la re implementazione open del protocollo SMB di Microsoft. Lo scopo di Samba \u00e8 quello di offrire condivisione di files e stampanti a client, originariamente sviluppato per UNIX dall&#8217;informatico australiano Andrew Tridgell permette interoperabilit\u00e0 tra Linux, Unix, macOS e Windows. Siamo attualmente ala versione 4 che sostanzialmente emula anche come [&hellip;]<\/p>\n","protected":false},"author":2,"featured_media":0,"parent":20,"menu_order":0,"comment_status":"closed","ping_status":"closed","template":"","meta":{"footnotes":""},"class_list":["post-1645","page","type-page","status-publish","hentry"],"_links":{"self":[{"href":"http:\/\/clark.tipistrani.it\/index.php?rest_route=\/wp\/v2\/pages\/1645","targetHints":{"allow":["GET"]}}],"collection":[{"href":"http:\/\/clark.tipistrani.it\/index.php?rest_route=\/wp\/v2\/pages"}],"about":[{"href":"http:\/\/clark.tipistrani.it\/index.php?rest_route=\/wp\/v2\/types\/page"}],"author":[{"embeddable":true,"href":"http:\/\/clark.tipistrani.it\/index.php?rest_route=\/wp\/v2\/users\/2"}],"replies":[{"embeddable":true,"href":"http:\/\/clark.tipistrani.it\/index.php?rest_route=%2Fwp%2Fv2%2Fcomments&post=1645"}],"version-history":[{"count":24,"href":"http:\/\/clark.tipistrani.it\/index.php?rest_route=\/wp\/v2\/pages\/1645\/revisions"}],"predecessor-version":[{"id":2434,"href":"http:\/\/clark.tipistrani.it\/index.php?rest_route=\/wp\/v2\/pages\/1645\/revisions\/2434"}],"up":[{"embeddable":true,"href":"http:\/\/clark.tipistrani.it\/index.php?rest_route=\/wp\/v2\/pages\/20"}],"wp:attachment":[{"href":"http:\/\/clark.tipistrani.it\/index.php?rest_route=%2Fwp%2Fv2%2Fmedia&parent=1645"}],"curies":[{"name":"wp","href":"https:\/\/api.w.org\/{rel}","templated":true}]}}