{"id":2463,"date":"2023-11-29T09:18:02","date_gmt":"2023-11-29T08:18:02","guid":{"rendered":"http:\/\/clark.tipistrani.it\/?page_id=2463"},"modified":"2023-11-29T09:18:15","modified_gmt":"2023-11-29T08:18:15","slug":"gpos","status":"publish","type":"page","link":"http:\/\/clark.tipistrani.it\/?page_id=2463","title":{"rendered":"GPOs"},"content":{"rendered":"<p>Le <a href=\"https:\/\/it.wikipedia.org\/wiki\/Group_Policy\">Group Policy<\/a> o in italiano criteri di gruppo sono una caratteristica del mondo Microsoft che permettono configurazione e gestione centralizzata di sistemi operativi applicazioni e regole varie.<br \/>\nNon sono un grande fan di questa tecnologia ma \u00e8 innegabile che per molti versi siano decisamente comode.<br \/>\nIn ambiente samba la gestione \u00e8 limitata rispetto all&#8217;ambiente Microsoft, per\u00f2 per un utilizzo normale senza esagerazioni \u00e8 sufficiente.<\/p>\n<p>Di seguito le mie configurazioni relative alla nostra LAN aziendale<\/p>\n<p><a href=\"http:\/\/clark.tipistrani.it\/?p=2472\">Banner di login<\/a><\/p>\n<p><a href=\"http:\/\/clark.tipistrani.it\/?p=2161\">Impedire il drag &amp; drop via RDP<\/a><\/p>\n<p><a href=\"http:\/\/clark.tipistrani.it\/?p=2460\">Problema di stampa con Windows 11 22H2<\/a><\/p>\n<p>&nbsp;<\/p>\n","protected":false},"excerpt":{"rendered":"<p>Le Group Policy o in italiano criteri di gruppo sono una caratteristica del mondo Microsoft che permettono configurazione e gestione centralizzata di sistemi operativi applicazioni e regole varie. Non sono un grande fan di questa tecnologia ma \u00e8 innegabile che per molti versi siano decisamente comode. In ambiente samba la gestione \u00e8 limitata rispetto all&#8217;ambiente [&hellip;]<\/p>\n","protected":false},"author":2,"featured_media":0,"parent":0,"menu_order":0,"comment_status":"closed","ping_status":"closed","template":"","meta":{"footnotes":""},"class_list":["post-2463","page","type-page","status-publish","hentry"],"_links":{"self":[{"href":"http:\/\/clark.tipistrani.it\/index.php?rest_route=\/wp\/v2\/pages\/2463","targetHints":{"allow":["GET"]}}],"collection":[{"href":"http:\/\/clark.tipistrani.it\/index.php?rest_route=\/wp\/v2\/pages"}],"about":[{"href":"http:\/\/clark.tipistrani.it\/index.php?rest_route=\/wp\/v2\/types\/page"}],"author":[{"embeddable":true,"href":"http:\/\/clark.tipistrani.it\/index.php?rest_route=\/wp\/v2\/users\/2"}],"replies":[{"embeddable":true,"href":"http:\/\/clark.tipistrani.it\/index.php?rest_route=%2Fwp%2Fv2%2Fcomments&post=2463"}],"version-history":[{"count":6,"href":"http:\/\/clark.tipistrani.it\/index.php?rest_route=\/wp\/v2\/pages\/2463\/revisions"}],"predecessor-version":[{"id":2481,"href":"http:\/\/clark.tipistrani.it\/index.php?rest_route=\/wp\/v2\/pages\/2463\/revisions\/2481"}],"wp:attachment":[{"href":"http:\/\/clark.tipistrani.it\/index.php?rest_route=%2Fwp%2Fv2%2Fmedia&parent=2463"}],"curies":[{"name":"wp","href":"https:\/\/api.w.org\/{rel}","templated":true}]}}