{"id":46,"date":"2012-09-28T12:46:35","date_gmt":"2012-09-28T10:46:35","guid":{"rendered":"http:\/\/clark.tipistrani.it\/?page_id=46"},"modified":"2019-12-03T12:31:23","modified_gmt":"2019-12-03T11:31:23","slug":"my-life","status":"publish","type":"page","link":"http:\/\/clark.tipistrani.it\/?page_id=46","title":{"rendered":"My life"},"content":{"rendered":"<p>La locuzione latina Si vis pacem, para bellum significa Se vuoi la pace, prepara la guerra. \u00c8 ricavata dalla frase: Igitur qui desiderat pacem, praeparet bellum, che, tradotta letteralmente, significa Chi aspira alla pace, si prepari alla guerra. \u00c8 una delle frasi memorabili contenute nel libro III dell&#8217;opera di Vegezio Epitoma rei militaris, composto pare alla fine del IV secolo.<br \/>\n\u00c8 un adagio che fino ad oggi \u00e8 stato applicato in tutte le culture: significa che per evitare le guerre occorre dimostrare di sapersi difendere.<br \/>\nChi mi conosce sa&#8217; cosa intendo con il motto latino che appare in Home, ma, chi non mi conosce potrebbe\u00a0 rimanere parecchio perplesso.<br \/>\nSpiego brevemente, a parte che ha a che vedere col mio passato \u00e8 la mia filosofia di vita, nel senso che considero la vita stessa una serie interminabile di battaglie, quindi ho imparato sulla mia pelle a essere sempre pronto.<br \/>\nNon \u00e8 una posizione politica, \u00e8 un abito mentale inoltre ho sempre avuto il gusto della sfida in vita mia\u00a0 e questo si sposa decisamente bene\u00a0 con questo modo di pensare.<br \/>\nSi potrebbe dire che sono un guerriero nato e non si sarebbe molto lontani dalla verit\u00e0 ma proprio in quanto guerriero so cosa significhi la pace, e nel mio piccolo ho fatto qualcosa in passato per la pace, e continuo a farlo facendo scelte di vita di un certo tipo.<br \/>\nPerche&#8217; accidenti hai scelto un nick name anglosassone?<br \/>\nLa storia e&#8217; veramente curiosa (tipo strano ricordate?) il Sig. Clark\u00a0 \u00e8 un personaggio che appare in alcuni libri di avventura, in uno in particolare l&#8217;autore tocca degli argomenti che mi hanno riguardato molto da vicino e ne parla con una cognizione che\u00a0 puo&#8217; far pensare solo a due cose o c&#8217;era anche lui (e non c&#8217;era lo so) o ha parlato con qualcuno che sa veramente come sono andate le cose, per\u00f2&#8230; sulla faccia della terra ci sono cinque persone che conoscono i dettagli e io sono una di loro,\u00a0 le altre quattro non sono persone che parlano, tantomeno con un pur bravo scrittore.<br \/>\nUno dei miei pi\u00f9 grandi desideri e&#8217; quello di andare a trovare questo autore invitarlo a pranzo e chiedergli da dove accidenti ha tirato fuori quella storia, e non \u00e8 escluso che prima o poi non mi tolga questa voglia (magari per sentirmi dire che \u00e8 il classico caso in cui la realt\u00e0 incontra e supera la fantasia).<br \/>\nQuindi questa e&#8217; la genesi del nick name anglosassone \ud83d\ude42<br \/>\nLa mia vita \u00e8 principalmente mia Moglie Alessandra, Adoro quella Donna e auguro a chiunque sulla faccia della terra di essere felice come noi lo siamo.<br \/>\nDa qualche anno abbiamo per casa anche 2 &#8220;cosi buffi e pelosi&#8221; che troverete nella sezione <a title=\"Vita da cani\" href=\"http:\/\/clark.tipistrani.it\/?page_id=56\">vita da cani<\/a>, il primo dei due lo abbiamo trovato una sera andando a mangiare un gelato, premesso che auguro tutto il male possibile a chiunque abbandoni un cane, un gatto o un animale in genere, nello specifico chi ha mollato &#8220;il piccolo Ray&#8221; e&#8217; anche doppiamente imbecille visto che ha abbandonato un cane di gran razza (<a href=\"http:\/\/it.wikipedia.org\/wiki\/Shih-Tzu\">Shih-tzu<\/a>) che costa un patrimonio.<br \/>\nL&#8217;altra, la &#8220;piccola Amii&#8221; (stessa razza) \u00e8 arrivata qualche anno dopo di passaggio per essere spedita da un conoscente ma quando \u00e8 stata li ha detto: &#8220;no col piffero che mi schiodo da qui, ho trovato il bengodi non mi muovo neanche a cannonate&#8221;, Il &#8220;piccolo Ray&#8221;\u00a0 e la piccola Amii &#8220;sono piccoli\u00a0 ma rompono\u00a0 le balle come se fossero\u00a0 grandi per\u00f2\u00a0 sono d&#8217;un affettuoso senza limiti e anche pi\u00f9 ruffiani\u00a0 di quanto siano\u00a0 affettuosi; morale ci siamo trovati in casa due &#8220;cosi&#8221; che non dico ci comandano a bacchetta ma poco ci manca.<br \/>\nL&#8217;altra grossa componente della mia vita \u00e8&#8217; il mio lavoro, che ormai \u00e8 chiaro risulta essere quello di sistemista, lavoro in una piccola\/media azienda del milanese e il mio lavoro mi piace moltissimo, credo di essere molto fortunato ho lavorato in posti dove uscendo di casa la mattina mi sembrava di avviarmi ai lavori forzati o peggio di andare in galera.<br \/>\nOvviamente non esistono solo Famiglia e Lavoro ci sono anche gli interessi vari, mi diletto di cucina, sono un biker arrabbiato (smanettone nella vita lavorativa e anche in strada&#8230; sar\u00e0 un caso?),l&#8217;immagine qui sotto ricalca in pieno la mia filosofia sulle due ruote.<\/p>\n<p style=\"text-align: center;\"><a href=\"http:\/\/clark.tipistrani.it\/wp-content\/uploads\/2012\/09\/562362_618415111505523_239679845_n.jpg\"><img loading=\"lazy\" decoding=\"async\" class=\"aligncenter size-full wp-image-757\" src=\"http:\/\/clark.tipistrani.it\/wp-content\/uploads\/2012\/09\/562362_618415111505523_239679845_n.jpg\" alt=\"562362_618415111505523_239679845_n\" width=\"283\" height=\"319\" srcset=\"http:\/\/clark.tipistrani.it\/wp-content\/uploads\/2012\/09\/562362_618415111505523_239679845_n.jpg 283w, http:\/\/clark.tipistrani.it\/wp-content\/uploads\/2012\/09\/562362_618415111505523_239679845_n-266x300.jpg 266w\" sizes=\"auto, (max-width: 283px) 100vw, 283px\" \/><\/a><\/p>\n<p>Adoro la lettura specialmente fantascienza e avventura, una citazione a parte sulla lettura va fatta per i fumetti infatti sono un fumettovoro all&#8217;ultimo stadio.<br \/>\nAdoro i fumetti e sono una bella parte di me e della salvaguardia del mio precario equilibrio mentale, di seguito inserir\u00f2 alcuni nomi dei miei fumetti preferiti.<\/p>\n<p>Marvel<\/p>\n<p>Leggo praticamente tutto quello che pubblicano della Marvel esclusa la linea Ultimate che proprio non mi piace, si potrebbe parlare a lungo degli eroi Marvel, ma non e&#8217; mio compito preferisco gustarmi le loro avventure comodamente &#8220;svaccato&#8221; sul letto con una birra gelata di fianco.<br \/>\nCome tutti i bambini anch&#8217;io mi identifico con uno dei loro eroi ed e&#8217; esattamente il canadese Logan alias Wolverine, \u00e8 un mutante cio\u00e8 un &#8220;diverso&#8221;, diverso per moltissimi versi lo sono anch&#8217;io, \u00e8 un combattente e li mi ci ritrovo in pieno, ha dei demoni interiori che a volte tentano di soppraffarlo ma riesce a tenerli a posto, la &#8220;bestia&#8221; non prende mai totalmente il controllo dell&#8217;essere umano, anche qui mi ci vedo,\u00a0 f\u00e0 quello che deve fare anche se spesso e&#8217; contrario alle consuetudini e pu\u00f2 parere immorale ma ha un grandissimo senso della giustizia, last but not least ha un certo successo con le donne anche in questi due casi ci sono molte somiglianze, ovviamente per la seconda si parla di prima del matrimonio (repetita juvant.. no Ale metti via la mazza da baseball sono puro come un giglio da quando ti conosco).<\/p>\n<p>Alan Ford<\/p>\n<p>Alan Ford caustico e graffiante nella sua satira, senza dubbio il meno allineato fumetto della produzione italiana l&#8217;autore non ha nulla da dimostrare a nessuno e se deve dire come la pensa lo fa&#8217; e chiaramente attraverso il fumetto, mi piace vedere qualcuno che va controcorrente rispetto alla nazionale piaggeria, sarei veramente onorato di stringere la mano all&#8217;autore di Alan Ford che mi segue negli anni sin dal n\u00b0 50, io e lui abbiamo in comune il fatto che non ci piace stare zitti se qualcosa ci &#8220;ruga&#8221; (milanese per indicare senso di profondo fastidio).<br \/>\nNota a margine Alan Ford era anche l&#8217;unico fumetto &#8220;moderno&#8221;\u00a0 che leggeva con piacere il mio povero Babbo, un motivo in piu&#8217; per continuare a seguirlo \ud83d\ude42<\/p>\n<p>Nathan Never<\/p>\n<p>fantascienza allo stato brado, Nathan ricorda molto Deckard il cacciatore di androidi di Blade Runner.<br \/>\nper molti versi anche le atmosfere ricordano la cupezza di quel film e anche di Alien per alcuni versi, lo trovo molto godibile e aspetto sempre il colpo di scena che puntuale arriva.<br \/>\n<a href=\"http:\/\/clark.tipistrani.it\/?page_id=1659\">Qualcosa della mia vita<\/a><\/p>\n","protected":false},"excerpt":{"rendered":"<p>La locuzione latina Si vis pacem, para bellum significa Se vuoi la pace, prepara la guerra. \u00c8 ricavata dalla frase: Igitur qui desiderat pacem, praeparet bellum, che, tradotta letteralmente, significa Chi aspira alla pace, si prepari alla guerra. \u00c8 una delle frasi memorabili contenute nel libro III dell&#8217;opera di Vegezio Epitoma rei militaris, composto pare [&hellip;]<\/p>\n","protected":false},"author":2,"featured_media":0,"parent":8,"menu_order":0,"comment_status":"open","ping_status":"open","template":"","meta":{"footnotes":""},"class_list":["post-46","page","type-page","status-publish","hentry"],"_links":{"self":[{"href":"http:\/\/clark.tipistrani.it\/index.php?rest_route=\/wp\/v2\/pages\/46","targetHints":{"allow":["GET"]}}],"collection":[{"href":"http:\/\/clark.tipistrani.it\/index.php?rest_route=\/wp\/v2\/pages"}],"about":[{"href":"http:\/\/clark.tipistrani.it\/index.php?rest_route=\/wp\/v2\/types\/page"}],"author":[{"embeddable":true,"href":"http:\/\/clark.tipistrani.it\/index.php?rest_route=\/wp\/v2\/users\/2"}],"replies":[{"embeddable":true,"href":"http:\/\/clark.tipistrani.it\/index.php?rest_route=%2Fwp%2Fv2%2Fcomments&post=46"}],"version-history":[{"count":7,"href":"http:\/\/clark.tipistrani.it\/index.php?rest_route=\/wp\/v2\/pages\/46\/revisions"}],"predecessor-version":[{"id":1662,"href":"http:\/\/clark.tipistrani.it\/index.php?rest_route=\/wp\/v2\/pages\/46\/revisions\/1662"}],"up":[{"embeddable":true,"href":"http:\/\/clark.tipistrani.it\/index.php?rest_route=\/wp\/v2\/pages\/8"}],"wp:attachment":[{"href":"http:\/\/clark.tipistrani.it\/index.php?rest_route=%2Fwp%2Fv2%2Fmedia&parent=46"}],"curies":[{"name":"wp","href":"https:\/\/api.w.org\/{rel}","templated":true}]}}