{"id":962,"date":"2013-11-22T12:00:05","date_gmt":"2013-11-22T11:00:05","guid":{"rendered":"http:\/\/clark.tipistrani.it\/?page_id=962"},"modified":"2013-11-22T12:00:05","modified_gmt":"2013-11-22T11:00:05","slug":"monitoraggio-hard-disks","status":"publish","type":"page","link":"http:\/\/clark.tipistrani.it\/?page_id=962","title":{"rendered":"Monitoraggio Hard Disks"},"content":{"rendered":"<p>Con <a href=\"http:\/\/it.wikipedia.org\/wiki\/Disco_rigido\">Hard Disk<\/a> intendiamo secondo la definizione di Wikipedia una memoria di massa, o pi\u00f9 semplicemente il luogo dove installiamo i nostri SO e tutti i nostri dati.<\/p>\n<p>\u00c8 intuitivo che siano le periferiche pi\u00f9 sotto stress di tutto il PC dato che sono periferiche di I\/O e che girano in continuazione, quindi \u00e8 indispensabile tenerle monitorate per vedere lo stato di &#8220;salute.<\/p>\n<p>In questa sezione metter\u00f2 le configurazioni dei tools che si usano a tal scopo.<\/p>\n<p><a title=\"hddtemp un comodo programma per monitorare le temperature degli hard disks\" href=\"http:\/\/clark.tipistrani.it\/?p=964\">hddtemp<\/a><\/p>\n<p><a title=\"smartmontools il guardiano degli HD\" href=\"http:\/\/clark.tipistrani.it\/?p=967\">smartmoontools<\/a><\/p>\n<p>&nbsp;<\/p>\n","protected":false},"excerpt":{"rendered":"<p>Con Hard Disk intendiamo secondo la definizione di Wikipedia una memoria di massa, o pi\u00f9 semplicemente il luogo dove installiamo i nostri SO e tutti i nostri dati. \u00c8 intuitivo che siano le periferiche pi\u00f9 sotto stress di tutto il PC dato che sono periferiche di I\/O e che girano in continuazione, quindi \u00e8 indispensabile [&hellip;]<\/p>\n","protected":false},"author":2,"featured_media":0,"parent":0,"menu_order":0,"comment_status":"closed","ping_status":"closed","template":"","meta":{"footnotes":""},"class_list":["post-962","page","type-page","status-publish","hentry"],"_links":{"self":[{"href":"http:\/\/clark.tipistrani.it\/index.php?rest_route=\/wp\/v2\/pages\/962","targetHints":{"allow":["GET"]}}],"collection":[{"href":"http:\/\/clark.tipistrani.it\/index.php?rest_route=\/wp\/v2\/pages"}],"about":[{"href":"http:\/\/clark.tipistrani.it\/index.php?rest_route=\/wp\/v2\/types\/page"}],"author":[{"embeddable":true,"href":"http:\/\/clark.tipistrani.it\/index.php?rest_route=\/wp\/v2\/users\/2"}],"replies":[{"embeddable":true,"href":"http:\/\/clark.tipistrani.it\/index.php?rest_route=%2Fwp%2Fv2%2Fcomments&post=962"}],"version-history":[{"count":3,"href":"http:\/\/clark.tipistrani.it\/index.php?rest_route=\/wp\/v2\/pages\/962\/revisions"}],"predecessor-version":[{"id":973,"href":"http:\/\/clark.tipistrani.it\/index.php?rest_route=\/wp\/v2\/pages\/962\/revisions\/973"}],"wp:attachment":[{"href":"http:\/\/clark.tipistrani.it\/index.php?rest_route=%2Fwp%2Fv2%2Fmedia&parent=962"}],"curies":[{"name":"wp","href":"https:\/\/api.w.org\/{rel}","templated":true}]}}